{"id":7533,"date":"2015-05-27T00:32:39","date_gmt":"2015-05-27T03:32:39","guid":{"rendered":"http:\/\/s11396.p20.sites.pressdns.com\/?page_id=6493"},"modified":"2026-03-25T12:02:08","modified_gmt":"2026-03-25T12:02:08","slug":"caism","status":"publish","type":"page","link":"https:\/\/caismaf.animaker.com.br\/?page_id=7533","title":{"rendered":"CAISM"},"content":{"rendered":"\n<div class=\"container section-title-container\" ><h3 class=\"section-title section-title-normal\"><b aria-hidden=\"true\"><\/b><span class=\"section-title-main\" >CAISM da \u00c1GUA FUNDA<\/span><b aria-hidden=\"true\"><\/b><\/h3><\/div>\n\n<div class=\"row\"  id=\"row-532502602\">\n\n\n\t<div id=\"col-1502927717\" class=\"col small-12 large-12\"  >\n\t\t\t\t<div class=\"col-inner\"  >\n\t\t\t\n\t\t\t\n\n<p style=\"text-align: justify;\"><span style=\"font-size: 75%;\"><button id=\"bb1\" type=\"button\" value=\"Play\" class=\"responsivevoice-button\" title=\"ResponsiveVoice Tap to Start\/Stop Speech\"><span>&#128266; Ouvir<\/span><\/button>\n        <script>\n            bb1.onclick = function(){\n                if(responsiveVoice.isPlaying()){\n                    responsiveVoice.cancel();\n                }else{\n                    responsiveVoice.speak(\"O Centro de Aten\u00e7\u00e3o Integrada em Sa\u00fade Mental \u201cDr. David Capistrano da Costa Filho\u201d, da \u00c1gua Funda \u2013 CAISM DA \u00c1GUA FUNDA, est\u00e1 localizado no munic\u00edpio de S\u00e3o Paulo e \u00e9 refer\u00eancia na interna\u00e7\u00e3o psiqui\u00e1trica para a Capital e demais 38 cidades abrangidas pelo Departamento Regional de Sa\u00fade I, compondo a Rede Regional de Assist\u00eancia \u00e0 Sa\u00fade (RRAS-6) que presta assist\u00eancia em Sa\u00fade Mental.\u00a0 Atualmente a Unidade possui 85 leitos instalados e organizados assistencialmente em 04 enfermarias destinadas a pacientes do sexo masculino, maiores de 18 anos, distribu\u00eddas assistencialmente em:\u00a0 Enfermaria: Adequa\u00e7\u00e3o da enfermaria de N\u00facleo de Adolescentes (NAD) para N\u00facleo de depend\u00eancia qu\u00edmica (NDQ). Conforme Termo de Refer\u00eancia. Nucleus de Agudos I (NA I) \u2013 enfermaria com 22 (vinte e dois) leitos para pacientes com transtorno psiqui\u00e1trico agudo sem depend\u00eancia qu\u00edmica; N\u00facleo de Agudos II (NA II) \u2013 enfermaria com 17 (dezessete) leitos para pacientes com transtorno psiqui\u00e1trico agudo sem depend\u00eancia qu\u00edmica; N\u00facleo de Depend\u00eancia Qu\u00edmica I (NDQ I) \u2013 enfermaria com 26 (vinte e seis) leitos para pacientes com transtornos mentais e comportamentais devidos ao uso de subst\u00e2ncias psicoativas sem comorbidade psiqui\u00e1trica associada. Servi\u00e7o de Psiquiatria para Adolescentes \u2013 enfermaria com 20 (vinte) leitos para pacientes com transtornos mentais e comportamentais. Per\u00edodo 09\/01\/2025 \u00e1 31\/12\/2025. A presente contrata\u00e7\u00e3o tem por finalidade oferecer uma assist\u00eancia psiqui\u00e1trica em regime de interna\u00e7\u00e3o integral aos pacientes, cujo quadro cl\u00ednico necessite de suporte hospitalar especializado, e estabelecer as diretrizes para o atendimento em Sa\u00fade Mental para a demanda referenciada da Grande S\u00e3o Paulo que totaliza mais de 20 milh\u00f5es de pessoas, recebidos atrav\u00e9s do Sistema Informatizado de Regula\u00e7\u00e3o do Estado de S\u00e3o Paulo \u2013 SIRESP.\", \"Brazilian Portuguese Female\");\n                }\n            };\n        <\/script>\n    <\/span><span style=\"font-weight: 400;\">O Centro de Aten\u00e7\u00e3o Integrada em Sa\u00fade Mental \u201cDr. David Capistrano da Costa Filho\u201d, da \u00c1gua Funda \u2013 CAISM DA \u00c1GUA FUNDA, est\u00e1 localizado no munic\u00edpio de S\u00e3o Paulo e \u00e9 refer\u00eancia na interna\u00e7\u00e3o psiqui\u00e1trica para a Capital e demais 38 cidades abrangidas pelo Departamento Regional de Sa\u00fade I, compondo a Rede Regional de Assist\u00eancia \u00e0 Sa\u00fade (RRAS-6) que presta assist\u00eancia em Sa\u00fade Mental.\u00a0<\/span><\/p>\n<p style=\"text-align: justify;\"><span style=\"font-weight: 400;\">Atualmente a Unidade possui 85 leitos instalados e organizados assistencialmente em 04 enfermarias destinadas a pacientes do sexo masculino, maiores de 18 anos, distribu\u00eddas assistencialmente em:\u00a0<\/span><\/p>\n<ul style=\"text-align: justify;\">\n<li aria-level=\"1\"><b>Enfermaria: <\/b><span style=\"font-weight: 400;\">Adequa\u00e7\u00e3o da enfermaria de N\u00facleo de Adolescentes (NAD) para N\u00facleo de depend\u00eancia qu\u00edmica (NDQ). Conforme Termo de Refer\u00eancia.<\/span><\/li>\n<li style=\"font-weight: 400;\" aria-level=\"1\"><b>Nucleus de Agudos I (NA I) <\/b><span style=\"font-weight: 400;\">\u2013 enfermaria com 22 (vinte e dois) leitos para pacientes com transtorno psiqui\u00e1trico agudo sem depend\u00eancia qu\u00edmica;<\/span><\/li>\n<li style=\"font-weight: 400;\" aria-level=\"1\"><b>N\u00facleo de Agudos II (NA II) <\/b><span style=\"font-weight: 400;\">\u2013 enfermaria com 17 (dezessete) leitos para <\/span><b>pacientes com transtorno psiqui\u00e1trico agudo sem depend\u00eancia qu\u00edmica;<\/b><\/li>\n<li style=\"font-weight: 400;\" aria-level=\"1\"><b>N\u00facleo de Depend\u00eancia Qu\u00edmica I (NDQ I) \u2013 enfermaria com 26 (vinte e seis) leitos para pacientes com transtornos mentais e comportamentais devidos ao uso de subst\u00e2ncias psicoativas sem comorbidade psiqui\u00e1trica associada.<\/b><\/li>\n<li style=\"font-weight: 400;\" aria-level=\"1\">\n<div><strong>Servi\u00e7o de Psiquiatria para Adolescentes \u2013 enfermaria com 20 (vinte) leitos para pacientes com transtornos mentais e comportamentais.<\/strong><\/div>\n<div><b>Per\u00edodo 09\/01\/2025 \u00e1 31\/12\/2025.<\/b><\/div>\n<\/li>\n<\/ul>\n<p style=\"text-align: justify;\"><span style=\"font-weight: 400;\">A presente contrata\u00e7\u00e3o tem por finalidade oferecer uma assist\u00eancia psiqui\u00e1trica em regime de interna\u00e7\u00e3o integral aos pacientes, cujo quadro cl\u00ednico necessite de suporte hospitalar especializado, e estabelecer as diretrizes para o atendimento em Sa\u00fade Mental para a demanda referenciada da Grande S\u00e3o Paulo que totaliza mais de 20 milh\u00f5es de pessoas, recebidos atrav\u00e9s do Sistema Informatizado de Regula\u00e7\u00e3o do Estado de S\u00e3o Paulo \u2013 SIRESP.<\/span>\n\t<div id=\"gap-783100043\" class=\"gap-element clearfix\" style=\"display:block; height:auto;\">\n\t\t\n<style>\n#gap-783100043 {\n  padding-top: 30px;\n}\n<\/style>\n\t<\/div>\n\t\n\n\n\t\t<\/div>\n\t\t\t\t\t<\/div>\n\n\t\n\n<\/div>\n\n","protected":false},"excerpt":{"rendered":"","protected":false},"author":14,"featured_media":0,"parent":0,"menu_order":0,"comment_status":"closed","ping_status":"closed","template":"","meta":{"footnotes":""},"class_list":["post-7533","page","type-page","status-publish","hentry"],"_links":{"self":[{"href":"https:\/\/caismaf.animaker.com.br\/index.php?rest_route=\/wp\/v2\/pages\/7533","targetHints":{"allow":["GET"]}}],"collection":[{"href":"https:\/\/caismaf.animaker.com.br\/index.php?rest_route=\/wp\/v2\/pages"}],"about":[{"href":"https:\/\/caismaf.animaker.com.br\/index.php?rest_route=\/wp\/v2\/types\/page"}],"author":[{"embeddable":true,"href":"https:\/\/caismaf.animaker.com.br\/index.php?rest_route=\/wp\/v2\/users\/14"}],"replies":[{"embeddable":true,"href":"https:\/\/caismaf.animaker.com.br\/index.php?rest_route=%2Fwp%2Fv2%2Fcomments&post=7533"}],"version-history":[{"count":0,"href":"https:\/\/caismaf.animaker.com.br\/index.php?rest_route=\/wp\/v2\/pages\/7533\/revisions"}],"wp:attachment":[{"href":"https:\/\/caismaf.animaker.com.br\/index.php?rest_route=%2Fwp%2Fv2%2Fmedia&parent=7533"}],"curies":[{"name":"wp","href":"https:\/\/api.w.org\/{rel}","templated":true}]}}