{"id":7535,"date":"2015-05-27T01:42:32","date_gmt":"2015-05-27T04:42:32","guid":{"rendered":"http:\/\/s11396.p20.sites.pressdns.com\/?page_id=6560"},"modified":"2025-06-13T00:44:34","modified_gmt":"2025-06-13T00:44:34","slug":"inclusao-social","status":"publish","type":"page","link":"https:\/\/caismaf.animaker.com.br\/?page_id=7535","title":{"rendered":"Inclus\u00e3o Social"},"content":{"rendered":"\n<div class=\"container section-title-container\" ><h3 class=\"section-title section-title-normal\"><b aria-hidden=\"true\"><\/b><span class=\"section-title-main\" >Inclus\u00e3o Social<\/span><b aria-hidden=\"true\"><\/b><\/h3><\/div>\n\n<div class=\"row row-large\"  id=\"row-351231852\">\n\n\n\t<div id=\"col-1465139569\" class=\"col small-12 large-12\"  >\n\t\t\t\t<div class=\"col-inner\"  >\n\t\t\t\n\t\t\t\n\n<div class=\"message-box relative\" style=\"padding-top:15px;padding-bottom:15px;\"><div class=\"message-box-bg-image bg-fill fill\" ><\/div><div class=\"message-box-bg-overlay bg-fill fill\" style=\"background-color:rgb(244, 252, 255);\"><\/div><div class=\"container relative\"><div class=\"inner last-reset\">\n\n<div class=\"row align-middle align-center\"  id=\"row-1125744297\">\n\n\n\t<div id=\"col-1215896219\" class=\"col small-12 large-12\"  >\n\t\t\t\t<div class=\"col-inner\"  >\n\t\t\t\n\t\t\t\n\n<h3 style=\"text-align: left;\">Inclus\u00e3o Social<span style=\"font-size: 75%;\"><button id=\"bb1\" type=\"button\" value=\"Play\" class=\"responsivevoice-button\" title=\"ResponsiveVoice Tap to Start\/Stop Speech\"><span>&#128266; Ouvir<\/span><\/button>\n        <script>\n            bb1.onclick = function(){\n                if(responsiveVoice.isPlaying()){\n                    responsiveVoice.cancel();\n                }else{\n                    responsiveVoice.speak(\"Inclus\u00e3o social \u00e9 um conjunto de a\u00e7\u00f5es que pretendem dar oportunidades \u00e0s pessoas de classe social, n\u00edvel educacional, portadoras de defici\u00eancia f\u00edsica e mental, idosas ou minorias raciais que\u00a0 \u00a0 n\u00e3o\u00a0 \u00a0 tiveram\u00a0 \u00a0 acesso\u00a0 \u00a0 \u00e0\u00a0 \u00a0 participa\u00e7\u00e3o\u00a0 \u00a0 na\u00a0 \u00a0 distribui\u00e7\u00e3o\u00a0 \u00a0 de\u00a0 \u00a0 renda\u00a0 \u00a0 do\u00a0 \u00a0 Pa\u00eds. \u00a0 \u00a0 No Brasil, desde 1991, a Lei das Cotas determina que pelo menos 5% dos funcion\u00e1rios das empresas com mais de mil empregados sejam pessoas com defici\u00eancias. Fa\u00e7a \u00a0 parte \u00a0 de \u00a0 nossa \u00a0 equipe. \u00a0 Entre \u00a0 em \u00a0 contato \u00a0 com \u00a0 https:\/\/caismvm.gupy.io\/\", \"Brazilian Portuguese Female\");\n                }\n            };\n        <\/script>\n    <\/span><\/h3>\n<p style=\"text-align: justify;\"><span style=\"font-weight: 400;\">Inclus\u00e3o social \u00e9 um conjunto de a\u00e7\u00f5es que pretendem dar oportunidades \u00e0s pessoas de classe social, n\u00edvel educacional, portadoras de defici\u00eancia f\u00edsica e mental, idosas ou minorias raciais que\u00a0 \u00a0 n\u00e3o\u00a0 \u00a0 tiveram\u00a0 \u00a0 acesso\u00a0 \u00a0 \u00e0\u00a0 \u00a0 participa\u00e7\u00e3o\u00a0 \u00a0 na\u00a0 \u00a0 distribui\u00e7\u00e3o\u00a0 \u00a0 de\u00a0 \u00a0 renda\u00a0 \u00a0 do\u00a0 \u00a0 Pa\u00eds. \u00a0 \u00a0 No Brasil, desde 1991, a Lei das Cotas determina que pelo menos 5% dos funcion\u00e1rios das empresas com mais de mil empregados sejam pessoas com defici\u00eancias.<\/span><\/p>\n<p style=\"text-align: justify;\"><span style=\"font-weight: 400;\">Fa\u00e7a \u00a0 parte \u00a0 de \u00a0 nossa \u00a0 equipe. \u00a0 Entre \u00a0 em \u00a0 contato \u00a0 com \u00a0 <a href=\"https:\/\/caismvm.gupy.io\/\">https:\/\/caismvm.gupy.io\/<\/a><\/span><\/p>\n<p style=\"text-align: justify;\">\n\n\t\t<\/div>\n\t\t\t\t\t<\/div>\n\n\t\n\n<\/div>\n\n<\/div><\/div><\/div>\n\n\t\t<\/div>\n\t\t\t\t\t<\/div>\n\n\t\n\n<\/div>\n\n","protected":false},"excerpt":{"rendered":"","protected":false},"author":14,"featured_media":0,"parent":0,"menu_order":0,"comment_status":"closed","ping_status":"closed","template":"","meta":{"footnotes":""},"class_list":["post-7535","page","type-page","status-publish","hentry"],"_links":{"self":[{"href":"https:\/\/caismaf.animaker.com.br\/index.php?rest_route=\/wp\/v2\/pages\/7535","targetHints":{"allow":["GET"]}}],"collection":[{"href":"https:\/\/caismaf.animaker.com.br\/index.php?rest_route=\/wp\/v2\/pages"}],"about":[{"href":"https:\/\/caismaf.animaker.com.br\/index.php?rest_route=\/wp\/v2\/types\/page"}],"author":[{"embeddable":true,"href":"https:\/\/caismaf.animaker.com.br\/index.php?rest_route=\/wp\/v2\/users\/14"}],"replies":[{"embeddable":true,"href":"https:\/\/caismaf.animaker.com.br\/index.php?rest_route=%2Fwp%2Fv2%2Fcomments&post=7535"}],"version-history":[{"count":0,"href":"https:\/\/caismaf.animaker.com.br\/index.php?rest_route=\/wp\/v2\/pages\/7535\/revisions"}],"wp:attachment":[{"href":"https:\/\/caismaf.animaker.com.br\/index.php?rest_route=%2Fwp%2Fv2%2Fmedia&parent=7535"}],"curies":[{"name":"wp","href":"https:\/\/api.w.org\/{rel}","templated":true}]}}