{"id":7572,"date":"2018-10-16T15:43:38","date_gmt":"2018-10-16T15:43:38","guid":{"rendered":"http:\/\/hmbfm.spdmafiliadas.org.br\/?page_id=7203"},"modified":"2026-03-24T19:50:56","modified_gmt":"2026-03-24T19:50:56","slug":"home-htejz-v-2","status":"publish","type":"page","link":"https:\/\/caismaf.animaker.com.br\/","title":{"rendered":"Pagina Inicial"},"content":{"rendered":"\n<div class=\"slider-wrapper relative\" id=\"slider-186356536\" >\n    <div class=\"slider slider-nav-circle slider-nav-large slider-nav-light slider-style-normal\"\n        data-flickity-options='{\n            \"cellAlign\": \"center\",\n            \"imagesLoaded\": true,\n            \"lazyLoad\": 1,\n            \"freeScroll\": false,\n            \"wrapAround\": true,\n            \"autoPlay\": 6000,\n            \"pauseAutoPlayOnHover\" : true,\n            \"prevNextButtons\": true,\n            \"contain\" : true,\n            \"adaptiveHeight\" : true,\n            \"dragThreshold\" : 10,\n            \"percentPosition\": true,\n            \"pageDots\": true,\n            \"rightToLeft\": false,\n            \"draggable\": true,\n            \"selectedAttraction\": 0.1,\n            \"parallax\" : 0,\n            \"friction\": 0.6        }'\n        >\n        \n\n\n  <div class=\"banner has-hover\" id=\"banner-877864274\">\n          <div class=\"banner-inner fill\">\n        <div class=\"banner-bg fill\" >\n            <img fetchpriority=\"high\" decoding=\"async\" width=\"1920\" height=\"500\" src=\"https:\/\/caismaf.animaker.com.br\/wp-content\/uploads\/sites\/163\/2025\/09\/banner-site-saude-mental-caism.jpg\" class=\"bg attachment-original size-original\" alt=\"\" \/>                                    \n                    <\/div>\n\t\t\n        <div class=\"banner-layers container\">\n            <div class=\"fill banner-link\"><\/div>            \n\n\n        <\/div>\n      <\/div>\n\n            \n<style>\n#banner-877864274 {\n  padding-top: 500px;\n}\n#banner-877864274 .banner-bg img {\n  object-position: 43% 61%;\n}\n<\/style>\n  <\/div>\n\n\n\n     <\/div>\n\n     <div class=\"loading-spin dark large centered\"><\/div>\n\n\t<\/div>\n\n\n<div class=\"row\"  id=\"row-1779119252\">\n\n\n\t<div id=\"col-929648998\" class=\"col small-12 large-12\"  >\n\t\t\t\t<div class=\"col-inner\"  >\n\t\t\t\n\t\t\t\n\n<div class=\"row row-small align-middle align-center\"  id=\"row-699970681\">\n\n\n\t<div id=\"col-1250981810\" class=\"col medium-3 small-12 large-3\"  >\n\t\t\t\t<div class=\"col-inner\"  >\n\t\t\t\n\t\t\t\n\n\n\t<a class=\"plain\" href=\"https:\/\/caismaf.animaker.com.br\/?page_id=7535\" >\t<div class=\"icon-box featured-box icon-box-center text-center is-small\"  >\n\t\t\t\t\t<div class=\"icon-box-img\" style=\"width: 60px\">\n\t\t\t\t<div class=\"icon\">\n\t\t\t\t\t<div class=\"icon-inner\" style=\"color:rgb(0, 135, 197);\">\n\t\t\t\t\t\t<?xml version=\"1.0\" encoding=\"utf-8\"?>\n<!-- Generated by IcoMoon.io -->\n<!DOCTYPE svg PUBLIC \"-\/\/W3C\/\/DTD SVG 1.1\/\/EN\" \"http:\/\/www.w3.org\/Graphics\/SVG\/1.1\/DTD\/svg11.dtd\">\n<svg version=\"1.1\" xmlns=\"http:\/\/www.w3.org\/2000\/svg\" xmlns:xlink=\"http:\/\/www.w3.org\/1999\/xlink\" width=\"20\" height=\"20\" viewBox=\"0 0 20 20\">\n<path fill=\"#000000\" d=\"M18.5 18h-11c-0.827 0-1.5-0.673-1.5-1.5 0-0.048 0.011-1.19 0.924-2.315 0.525-0.646 1.241-1.158 2.128-1.522 1.071-0.44 2.4-0.662 3.948-0.662s2.876 0.223 3.948 0.662c0.887 0.364 1.603 0.876 2.128 1.522 0.914 1.125 0.924 2.267 0.924 2.315 0 0.827-0.673 1.5-1.5 1.5zM7 16.503c0.001 0.275 0.225 0.497 0.5 0.497h11c0.275 0 0.499-0.223 0.5-0.497-0.001-0.035-0.032-0.895-0.739-1.734-0.974-1.157-2.793-1.768-5.261-1.768s-4.287 0.612-5.261 1.768c-0.707 0.84-0.738 1.699-0.739 1.734z\"><\/path>\n<path fill=\"#000000\" d=\"M13 11c-2.206 0-4-1.794-4-4s1.794-4 4-4 4 1.794 4 4c0 2.206-1.794 4-4 4zM13 4c-1.654 0-3 1.346-3 3s1.346 3 3 3 3-1.346 3-3-1.346-3-3-3z\"><\/path>\n<path fill=\"#000000\" d=\"M4.5 18h-3c-0.827 0-1.5-0.673-1.5-1.5 0-0.037 0.008-0.927 0.663-1.8 0.378-0.505 0.894-0.904 1.533-1.188 0.764-0.34 1.708-0.512 2.805-0.512 0.179 0 0.356 0.005 0.527 0.014 0.276 0.015 0.487 0.25 0.473 0.526s-0.25 0.488-0.526 0.473c-0.153-0.008-0.312-0.012-0.473-0.012-3.894 0-3.997 2.379-4 2.503 0.001 0.274 0.225 0.497 0.5 0.497h3c0.276 0 0.5 0.224 0.5 0.5s-0.224 0.5-0.5 0.5z\"><\/path>\n<path fill=\"#000000\" d=\"M5 12c-1.654 0-3-1.346-3-3s1.346-3 3-3 3 1.346 3 3-1.346 3-3 3zM5 7c-1.103 0-2 0.897-2 2s0.897 2 2 2 2-0.897 2-2c0-1.103-0.897-2-2-2z\"><\/path>\n<\/svg>\n\t\t\t\t\t<\/div>\n\t\t\t\t<\/div>\n\t\t\t<\/div>\n\t\t\t\t<div class=\"icon-box-text last-reset\">\n\t\t\t<h5 class=\"uppercase\">Inclus\u00e3o Social<\/h5>\t\t\t\t\t\t\n\n\n\t\t<\/div>\n\t<\/div>\n\t<\/a>\n\t\n\n\t\t<\/div>\n\t\t\t\t\t<\/div>\n\n\t\n\n\t<div id=\"col-2070051015\" class=\"col medium-3 small-12 large-3\"  >\n\t\t\t\t<div class=\"col-inner\"  >\n\t\t\t\n\t\t\t\n\n\n\t<a class=\"plain\" href=\"https:\/\/caismvm.gupy.io\/\" target=\"_blank\" rel=\"noopener\" >\t<div class=\"icon-box featured-box icon-box-center text-center is-small\"  >\n\t\t\t\t\t<div class=\"icon-box-img\" style=\"width: 60px\">\n\t\t\t\t<div class=\"icon\">\n\t\t\t\t\t<div class=\"icon-inner\" style=\"color:rgb(0, 135, 197);\">\n\t\t\t\t\t\t<?xml version=\"1.0\" encoding=\"utf-8\"?>\n<!-- Generated by IcoMoon.io -->\n<!DOCTYPE svg PUBLIC \"-\/\/W3C\/\/DTD SVG 1.1\/\/EN\" \"http:\/\/www.w3.org\/Graphics\/SVG\/1.1\/DTD\/svg11.dtd\">\n<svg version=\"1.1\" xmlns=\"http:\/\/www.w3.org\/2000\/svg\" xmlns:xlink=\"http:\/\/www.w3.org\/1999\/xlink\" width=\"20\" height=\"20\" viewBox=\"0 0 20 20\">\n<path fill=\"#000000\" d=\"M17.854 5.646l-4.5-4.5c-0.094-0.094-0.221-0.146-0.354-0.146h-9.5c-0.827 0-1.5 0.673-1.5 1.5v16c0 0.827 0.673 1.5 1.5 1.5h13c0.827 0 1.5-0.673 1.5-1.5v-12.5c0-0.133-0.053-0.26-0.146-0.354zM16.793 6h-3.293c-0.276 0-0.5-0.224-0.5-0.5v-3.293l3.793 3.793zM16.5 19h-13c-0.276 0-0.5-0.224-0.5-0.5v-16c0-0.276 0.224-0.5 0.5-0.5h8.5v3.5c0 0.827 0.673 1.5 1.5 1.5h3.5v11.5c0 0.276-0.224 0.5-0.5 0.5z\"><\/path>\n<path fill=\"#000000\" d=\"M11.5 13h-2.5v-2.5c0-0.276-0.224-0.5-0.5-0.5s-0.5 0.224-0.5 0.5v2.5h-2.5c-0.276 0-0.5 0.224-0.5 0.5s0.224 0.5 0.5 0.5h2.5v2.5c0 0.276 0.224 0.5 0.5 0.5s0.5-0.224 0.5-0.5v-2.5h2.5c0.276 0 0.5-0.224 0.5-0.5s-0.224-0.5-0.5-0.5z\"><\/path>\n<\/svg>\n\t\t\t\t\t<\/div>\n\t\t\t\t<\/div>\n\t\t\t<\/div>\n\t\t\t\t<div class=\"icon-box-text last-reset\">\n\t\t\t<h5 class=\"uppercase\">Trabalhe Conosco<\/h5>\t\t\t\t\t\t\n\n\n\t\t<\/div>\n\t<\/div>\n\t<\/a>\n\t\n\n\t\t<\/div>\n\t\t\t\t\t<\/div>\n\n\t\n\n\t<div id=\"col-1393039457\" class=\"col medium-3 small-12 large-3\"  >\n\t\t\t\t<div class=\"col-inner\"  >\n\t\t\t\n\t\t\t\n\n\n\t<a class=\"plain\" href=\"https:\/\/caismaf.animaker.com.br\/?page_id=7576\" >\t<div class=\"icon-box featured-box icon-box-center text-center is-small\"  >\n\t\t\t\t\t<div class=\"icon-box-img\" style=\"width: 60px\">\n\t\t\t\t<div class=\"icon\">\n\t\t\t\t\t<div class=\"icon-inner\" style=\"color:rgb(0, 135, 197);\">\n\t\t\t\t\t\t<?xml version=\"1.0\" encoding=\"utf-8\"?>\n<!-- Generated by IcoMoon.io -->\n<!DOCTYPE svg PUBLIC \"-\/\/W3C\/\/DTD SVG 1.1\/\/EN\" \"http:\/\/www.w3.org\/Graphics\/SVG\/1.1\/DTD\/svg11.dtd\">\n<svg version=\"1.1\" xmlns=\"http:\/\/www.w3.org\/2000\/svg\" xmlns:xlink=\"http:\/\/www.w3.org\/1999\/xlink\" width=\"20\" height=\"20\" viewBox=\"0 0 20 20\">\n<path fill=\"#000000\" d=\"M7.631 19.702c-0.041 0-0.083-0.005-0.125-0.016-0.898-0.231-1.761-0.587-2.564-1.059-0.233-0.137-0.315-0.434-0.186-0.671 0.159-0.292 0.243-0.622 0.243-0.957 0-1.103-0.897-2-2-2-0.334 0-0.665 0.084-0.957 0.243-0.237 0.129-0.534 0.047-0.671-0.186-0.472-0.804-0.828-1.666-1.059-2.564-0.065-0.254 0.077-0.515 0.325-0.598 0.814-0.274 1.362-1.036 1.362-1.895s-0.547-1.621-1.362-1.895c-0.248-0.084-0.39-0.344-0.325-0.598 0.231-0.898 0.587-1.761 1.059-2.564 0.137-0.233 0.434-0.315 0.671-0.186 0.291 0.159 0.622 0.243 0.957 0.243 1.103 0 2-0.897 2-2 0-0.334-0.084-0.665-0.243-0.957-0.129-0.237-0.047-0.534 0.186-0.671 0.804-0.472 1.666-0.828 2.564-1.059 0.254-0.065 0.515 0.077 0.598 0.325 0.274 0.814 1.036 1.362 1.895 1.362s1.621-0.547 1.895-1.362c0.084-0.248 0.345-0.39 0.598-0.325 0.898 0.231 1.761 0.587 2.564 1.059 0.233 0.137 0.315 0.434 0.186 0.671-0.159 0.292-0.243 0.622-0.243 0.957 0 1.103 0.897 2 2 2 0.334 0 0.665-0.084 0.957-0.243 0.237-0.129 0.534-0.047 0.671 0.186 0.472 0.804 0.828 1.666 1.059 2.564 0.065 0.254-0.077 0.515-0.325 0.598-0.814 0.274-1.362 1.036-1.362 1.895s0.547 1.621 1.362 1.895c0.248 0.084 0.39 0.344 0.325 0.598-0.231 0.898-0.587 1.761-1.059 2.564-0.137 0.233-0.434 0.315-0.671 0.186-0.292-0.159-0.622-0.243-0.957-0.243-1.103 0-2 0.897-2 2 0 0.334 0.084 0.665 0.243 0.957 0.129 0.237 0.047 0.534-0.186 0.671-0.804 0.472-1.666 0.828-2.564 1.059-0.254 0.065-0.515-0.077-0.598-0.325-0.274-0.814-1.036-1.362-1.895-1.362s-1.621 0.547-1.895 1.362c-0.070 0.207-0.264 0.341-0.474 0.341zM10 17c1.127 0 2.142 0.628 2.655 1.602 0.52-0.161 1.026-0.369 1.51-0.622-0.108-0.314-0.164-0.646-0.164-0.98 0-1.654 1.346-3 3-3 0.334 0 0.666 0.056 0.98 0.164 0.253-0.484 0.462-0.989 0.622-1.51-0.974-0.512-1.602-1.527-1.602-2.655s0.628-2.142 1.602-2.655c-0.161-0.52-0.369-1.026-0.622-1.51-0.314 0.108-0.646 0.164-0.98 0.164-1.654 0-3-1.346-3-3 0-0.334 0.056-0.666 0.164-0.98-0.484-0.253-0.989-0.462-1.51-0.622-0.512 0.974-1.527 1.602-2.655 1.602s-2.142-0.628-2.655-1.602c-0.52 0.16-1.026 0.369-1.51 0.622 0.108 0.314 0.164 0.646 0.164 0.98 0 1.654-1.346 3-3 3-0.334 0-0.666-0.056-0.98-0.164-0.253 0.484-0.462 0.989-0.622 1.51 0.974 0.512 1.602 1.527 1.602 2.655s-0.628 2.142-1.602 2.655c0.16 0.52 0.369 1.026 0.622 1.51 0.314-0.108 0.646-0.164 0.98-0.164 1.654 0 3 1.346 3 3 0 0.334-0.056 0.666-0.164 0.98 0.484 0.253 0.989 0.462 1.51 0.622 0.512-0.974 1.527-1.602 2.655-1.602z\"><\/path>\n<path fill=\"#000000\" d=\"M10 13c-1.654 0-3-1.346-3-3s1.346-3 3-3 3 1.346 3 3-1.346 3-3 3zM10 8c-1.103 0-2 0.897-2 2s0.897 2 2 2c1.103 0 2-0.897 2-2s-0.897-2-2-2z\"><\/path>\n<\/svg>\n\t\t\t\t\t<\/div>\n\t\t\t\t<\/div>\n\t\t\t<\/div>\n\t\t\t\t<div class=\"icon-box-text last-reset\">\n\t\t\t<h5 class=\"uppercase\">Compras e Editais<\/h5>\t\t\t\t\t\t\n\n\n\t\t<\/div>\n\t<\/div>\n\t<\/a>\n\t\n\n\t\t<\/div>\n\t\t\t\t\t<\/div>\n\n\t\n\n\t<div id=\"col-577014629\" class=\"col medium-3 small-12 large-3\"  >\n\t\t\t\t<div class=\"col-inner\"  >\n\t\t\t\n\t\t\t\n\n\n\t<a class=\"plain\" href=\"https:\/\/caismaf.animaker.com.br\/?page_id=7545\" >\t<div class=\"icon-box featured-box icon-box-center text-center is-small\"  >\n\t\t\t\t\t<div class=\"icon-box-img\" style=\"width: 60px\">\n\t\t\t\t<div class=\"icon\">\n\t\t\t\t\t<div class=\"icon-inner\" style=\"color:rgb(0, 135, 197);\">\n\t\t\t\t\t\t<?xml version=\"1.0\" encoding=\"utf-8\"?>\n<!-- Generated by IcoMoon.io -->\n<!DOCTYPE svg PUBLIC \"-\/\/W3C\/\/DTD SVG 1.1\/\/EN\" \"http:\/\/www.w3.org\/Graphics\/SVG\/1.1\/DTD\/svg11.dtd\">\n<svg version=\"1.1\" xmlns=\"http:\/\/www.w3.org\/2000\/svg\" xmlns:xlink=\"http:\/\/www.w3.org\/1999\/xlink\" width=\"20\" height=\"20\" viewBox=\"0 0 20 20\">\n<path fill=\"#000000\" d=\"M8.5 20c-0.043 0-0.087-0.006-0.13-0.017-0.218-0.059-0.37-0.257-0.37-0.483v-7.5h-7.5c-0.226 0-0.424-0.152-0.483-0.37s0.037-0.449 0.232-0.562l19-11c0.196-0.113 0.444-0.081 0.604 0.079s0.193 0.408 0.079 0.604l-11 19c-0.091 0.157-0.258 0.249-0.433 0.249zM2.362 11h6.138c0.276 0 0.5 0.224 0.5 0.5v6.138l9.128-15.766-15.766 9.128z\"><\/path>\n<\/svg>\n\t\t\t\t\t<\/div>\n\t\t\t\t<\/div>\n\t\t\t<\/div>\n\t\t\t\t<div class=\"icon-box-text last-reset\">\n\t\t\t<h5 class=\"uppercase\">Como Chegar<\/h5>\t\t\t\t\t\t\n\n\n\t\t<\/div>\n\t<\/div>\n\t<\/a>\n\t\n\n\t\t<\/div>\n\t\t\t\t\t<\/div>\n\n\t\n\n<\/div>\n\n\t\t<\/div>\n\t\t\t\t\t<\/div>\n\n\t\n\n<\/div>\n<div class=\"row\"  id=\"row-1132447907\">\n\n\n\t<div id=\"col-2135927045\" class=\"col medium-6 small-12 large-6\"  >\n\t\t\t\t<div class=\"col-inner\"  >\n\t\t\t\n\t\t\t\n\n<h3 style=\"text-align: justify;\"><strong>Seja Bem-Vindo(a):<\/strong><\/h3>\n<p style=\"text-align: justify;\"><span style=\"font-size: 80%;\"><button id=\"bb1\" type=\"button\" value=\"Play\" class=\"responsivevoice-button\" title=\"ResponsiveVoice Tap to Start\/Stop Speech\"><span>&#128266; Ouvir<\/span><\/button>\n        <script>\n            bb1.onclick = function(){\n                if(responsiveVoice.isPlaying()){\n                    responsiveVoice.cancel();\n                }else{\n                    responsiveVoice.speak(\"Seja Bem Vindo (a): O CAISM \u2013 Centro de Aten\u00e7\u00e3o Integrada em Sa\u00fade Mental Dr. David Capistrano da Costa Filho \u2013 da \u00c1gua Funda, \u00e9 um centro de tratamento de sa\u00fade mental da administra\u00e7\u00e3o direta da Secretaria de Estado da Sa\u00fade de S\u00e3o Paulo. O CAISM tem mais de 60 anos e passou por toda a hist\u00f3ria da psiquiatria no Brasil, j\u00e1 foi um manic\u00f4mio e atrav\u00e9s do decreto n\u00ba 48.000, de 06 de agosto de 2003, passou por toda uma reorganiza\u00e7\u00e3o do servi\u00e7o, a fim de modernizar a estrutura e oferecer servi\u00e7o de sa\u00fade mental integral. O CAISM oferece interna\u00e7\u00e3o integral para pacientes com transtorno psiqui\u00e1trico grave, sem e com comorbidades com \u00e1lcool e outras drogas. Foi o primeiro servi\u00e7o a oferecer essa modalidade de tratamento de interna\u00e7\u00e3o, e montou um NAC \u2013 n\u00facleo de aten\u00e7\u00e3o continuada para pacientes com\u00f3rbidos,\u00a0O local \u00e9 amplo, dentro do Parque do Estado, possui jardins, campo de futebol, \u00e1rea de atividades manuais, culturais e f\u00edsicas( \u00c1rea de prote\u00e7\u00e3o Ambiental) Em 10\/11\/2022 a SPDM, atrav\u00e9s do Conv\u00eanio n.\u00ba: 001489\/2022 -\u00a0 Processo n\u00ba: SES-PRC-2022-01551-DM- \u2013 Execu\u00e7\u00e3o de Servi\u00e7os na \u00e1rea de Psiquiatria e Cl\u00ednica M\u00e9dica no CAISM da \u00c1gua Funda. Em 29\/12\/2023 \u2013 O conv\u00eanio \u00e9 renovado pelo 1\u00ba TA - Processo n\u00ba: SES-PRC-2022-01551-DM Processo SEI: 024.00119689\/2023-62-com vig\u00eancia 31\/12\/2024. Em 09\/01\/2025 assinado conv\u00eanio n\u00ba 000001\/2025 - constitui o Objeto Constitui, objeto do presente o Gerenciamento T\u00e9cnico e Administrativo de leitos psiqui\u00e1tricos masculinos, com funcionamento ininterrupto durante as vinte e quatro horas, de segunda-feira \u00e0 domingo, por meio de equipe multidisciplinar na execu\u00e7\u00e3o de servi\u00e7o em psiquiatria e execu\u00e7\u00e3o de servi\u00e7o t\u00e9cnico-administrativo de admiss\u00e3o para o CAISM da \u00c1gua Funda, composta por Assistente Social, Enfermeiro e T\u00e9cnico de Enfermagem, M\u00e9dico especialista em Psiquiatria, M\u00e9dico Clinico, Psic\u00f3logo, Terapeuta Ocupacional e T\u00e9cnico em Reabilita\u00e7\u00e3o F\u00edsica e administrativos. 1\u00ba Termo Aditivo ao Conv\u00eanio 000001\/2025 \u2013 assinado em 06\/02\/2026 com vig\u00eancia 31\/01\/2027\", \"Brazilian Portuguese Female\");\n                }\n            };\n        <\/script>\n    <\/span><span style=\"font-weight: 400;\">Seja Bem Vindo (a):<\/span><\/p>\n<p style=\"text-align: justify;\"><span style=\"font-weight: 400;\">O CAISM \u2013 Centro de Aten\u00e7\u00e3o Integrada em Sa\u00fade Mental Dr. David Capistrano da Costa Filho \u2013 da \u00c1gua Funda, \u00e9 um centro de tratamento de sa\u00fade mental da <\/span><b>administra\u00e7\u00e3o direta da Secretaria de Estado da Sa\u00fade de S\u00e3o Paulo. <\/b><span style=\"font-weight: 400;\">O CAISM tem mais de 60 anos e passou por toda a hist\u00f3ria da psiquiatria no Brasil, j\u00e1 foi um manic\u00f4mio e atrav\u00e9s do decreto n\u00ba 48.000, de 06 de agosto de 2003, passou por toda uma reorganiza\u00e7\u00e3o do servi\u00e7o, a fim de modernizar a estrutura e oferecer servi\u00e7o de sa\u00fade mental integral. O CAISM oferece interna\u00e7\u00e3o integral para pacientes com transtorno psiqui\u00e1trico grave, sem e com comorbidades com \u00e1lcool e outras drogas. Foi o primeiro servi\u00e7o a oferecer essa modalidade de tratamento de interna\u00e7\u00e3o, e montou um NAC \u2013 n\u00facleo de aten\u00e7\u00e3o continuada para pacientes com\u00f3rbidos,\u00a0O local \u00e9 amplo, dentro do Parque do Estado, possui jardins, campo de futebol, \u00e1rea de atividades manuais, culturais e f\u00edsicas( \u00c1rea de prote\u00e7\u00e3o Ambiental)<\/span><\/p>\n<p style=\"text-align: justify;\"><span style=\"font-weight: 400;\">Em 10\/11\/2022 a SPDM, atrav\u00e9s do Conv\u00eanio n.\u00ba: 001489\/2022 &#8211;\u00a0 Processo n\u00ba: SES-PRC-2022-01551-DM- \u2013 Execu\u00e7\u00e3o de Servi\u00e7os na \u00e1rea de Psiquiatria e Cl\u00ednica M\u00e9dica no CAISM da \u00c1gua Funda.<\/span><\/p>\n<p style=\"text-align: justify;\"><span style=\"font-weight: 400;\">Em 29\/12\/2023 \u2013 O conv\u00eanio \u00e9 renovado pelo 1\u00ba TA &#8211; Processo n\u00ba: SES-PRC-2022-01551-DM Processo SEI: 024.00119689\/2023-62-com vig\u00eancia 31\/12\/2024.<\/span><\/p>\n<p style=\"text-align: justify;\"><span style=\"font-weight: 400;\">Em 09\/01\/2025 assinado conv\u00eanio n\u00ba 000001\/2025 &#8211; constitui o Objeto <\/span><span style=\"font-weight: 400;\">Constitui, objeto do presente o Gerenciamento T\u00e9cnico e Administrativo de leitos psiqui\u00e1tricos masculinos, com funcionamento ininterrupto durante as vinte e quatro horas, de segunda-feira \u00e0 domingo, por meio de equipe multidisciplinar na execu\u00e7\u00e3o de servi\u00e7o em psiquiatria e execu\u00e7\u00e3o de servi\u00e7o t\u00e9cnico-administrativo de admiss\u00e3o para o CAISM da \u00c1gua Funda, composta por Assistente Social, Enfermeiro e T\u00e9cnico de Enfermagem, M\u00e9dico especialista em Psiquiatria, M\u00e9dico Clinico, Psic\u00f3logo, Terapeuta Ocupacional e T\u00e9cnico em Reabilita\u00e7\u00e3o F\u00edsica e administrativos.<\/span><\/p>\n<p><a href=\"http:\/\/caismaf.animaker.com.br\/wp-content\/uploads\/sites\/163\/2026\/03\/1.o-Termo-Aditivo-ao-Convenio-no-000001.2025-1.pdf\"><span style=\"font-weight: 400;\">1\u00ba Termo Aditivo ao Conv\u00eanio 000001\/2025 \u2013 assinado em 06\/02\/2026 com vig\u00eancia 31\/01\/2027<\/span><\/a><\/p>\n<p style=\"text-align: justify;\"><span style=\"font-size: 14.4px;\"><\/span><\/p>\n\n\t\t<\/div>\n\t\t\t\t\t<\/div>\n\n\t\n\n\t<div id=\"col-1653444177\" class=\"col medium-6 small-12 large-6\"  >\n\t\t\t\t<div class=\"col-inner\"  >\n\t\t\t\n\t\t\t\n\n<div class=\"accordion\">\n\n\n<\/div>\n\n\t\t<\/div>\n\t\t\t\t\t<\/div>\n\n\t\n\n<\/div>\n\n","protected":false},"excerpt":{"rendered":"","protected":false},"author":14,"featured_media":0,"parent":0,"menu_order":0,"comment_status":"closed","ping_status":"closed","template":"page-blank.php","meta":{"footnotes":""},"class_list":["post-7572","page","type-page","status-publish","hentry"],"_links":{"self":[{"href":"https:\/\/caismaf.animaker.com.br\/index.php?rest_route=\/wp\/v2\/pages\/7572","targetHints":{"allow":["GET"]}}],"collection":[{"href":"https:\/\/caismaf.animaker.com.br\/index.php?rest_route=\/wp\/v2\/pages"}],"about":[{"href":"https:\/\/caismaf.animaker.com.br\/index.php?rest_route=\/wp\/v2\/types\/page"}],"author":[{"embeddable":true,"href":"https:\/\/caismaf.animaker.com.br\/index.php?rest_route=\/wp\/v2\/users\/14"}],"replies":[{"embeddable":true,"href":"https:\/\/caismaf.animaker.com.br\/index.php?rest_route=%2Fwp%2Fv2%2Fcomments&post=7572"}],"version-history":[{"count":0,"href":"https:\/\/caismaf.animaker.com.br\/index.php?rest_route=\/wp\/v2\/pages\/7572\/revisions"}],"wp:attachment":[{"href":"https:\/\/caismaf.animaker.com.br\/index.php?rest_route=%2Fwp%2Fv2%2Fmedia&parent=7572"}],"curies":[{"name":"wp","href":"https:\/\/api.w.org\/{rel}","templated":true}]}}