{"id":7576,"date":"2019-02-28T19:48:52","date_gmt":"2019-02-28T22:48:52","guid":{"rendered":"http:\/\/hrs.spdmafiliadas.org.br\/?page_id=7293"},"modified":"2025-06-17T18:24:45","modified_gmt":"2025-06-17T18:24:45","slug":"compras-e-editais","status":"publish","type":"page","link":"https:\/\/caismaf.animaker.com.br\/?page_id=7576","title":{"rendered":"Compras e Editais"},"content":{"rendered":"\n<div class=\"container section-title-container\" ><h3 class=\"section-title section-title-normal\"><b aria-hidden=\"true\"><\/b><span class=\"section-title-main\" >Compras e Editais<\/span><b aria-hidden=\"true\"><\/b><\/h3><\/div>\n\n<div class=\"row\"  id=\"row-184755121\">\n\n\n\t<div id=\"col-1561001025\" class=\"col small-12 large-12\"  >\n\t\t\t\t<div class=\"col-inner\"  >\n\t\t\t\n\t\t\t\n\n\n\t\t<div class=\"icon-box featured-box icon-box-left text-left\"  >\n\t\t\t\t\t<div class=\"icon-box-img\" style=\"width: 50px\">\n\t\t\t\t<div class=\"icon\">\n\t\t\t\t\t<div class=\"icon-inner\" style=\"color:rgb(0, 135, 197);\">\n\t\t\t\t\t\t\t\t\t\t\t<\/div>\n\t\t\t\t<\/div>\n\t\t\t<\/div>\n\t\t\t\t<div class=\"icon-box-text last-reset\">\n\t\t\t\t\t\t\t\t\t\n\n<h3 style=\"text-align: left;\">Para participar dos processos de compras da unidade acesse: <span style=\"font-size: 75%;\"><button id=\"bb1\" type=\"button\" value=\"Play\" class=\"responsivevoice-button\" title=\"ResponsiveVoice Tap to Start\/Stop Speech\"><span>&#128266; Ouvir<\/span><\/button>\n        <script>\n            bb1.onclick = function(){\n                if(responsiveVoice.isPlaying()){\n                    responsiveVoice.cancel();\n                }else{\n                    responsiveVoice.speak(\"- Medicamentos, Insumos e Correlatos Hospitalares, Material de Escrit\u00f3rio, Material de Laborat\u00f3rio, Nutri\u00e7\u00e3o e demais itens, acesse o Portal Eletr\u00f4nico Bionexo (www.bionexo.com.br); Se a sua empresa n\u00e3o for cadastrada no Portal Eletr\u00f4nico Bionexo e deseja mais esclarecimentos sobre como fornecer produtos ou servi\u00e7os para a SPDM, entre em contato conosco pelo e-mail compras@spdm.org.br Contrata\u00e7\u00e3o de Servi\u00e7os, Produtos e Comodatos. Visualize os editais no portal eletr\u00f4nico Publinexo. Em caso de d\u00favidas contate a gest\u00e3o de contratos no e-mail contratos@spdm.org.br\", \"Brazilian Portuguese Female\");\n                }\n            };\n        <\/script>\n    <\/span><\/h3>\n<article class=\"col2 pad_left1\">\n<div class=\"wrapper pad_bot1\">\n<div class=\"custom\">\n<p style=\"text-align: justify;\">&#8211; Medicamentos, Insumos e Correlatos Hospitalares, Material de Escrit\u00f3rio, Material de Laborat\u00f3rio, Nutri\u00e7\u00e3o e demais itens, acesse o Portal Eletr\u00f4nico Bionexo (www.bionexo.com.br);<\/p>\n<p style=\"text-align: justify;\">Se a sua empresa n\u00e3o for cadastrada no Portal Eletr\u00f4nico Bionexo e deseja mais esclarecimentos sobre como fornecer produtos ou servi\u00e7os para a SPDM, entre em contato conosco pelo e-mail <a href=\"mailto:compras@spdm.org.br\">compras@spdm.org.br<\/a><\/p>\n<p style=\"text-align: justify;\">Contrata\u00e7\u00e3o de Servi\u00e7os, Produtos e Comodatos. Visualize os editais no portal eletr\u00f4nico Publinexo. Em caso de d\u00favidas contate a gest\u00e3o de contratos no e-mail <a href=\"mailto:contratos@spdm.org.br\">contratos@spdm.org.br<\/a><\/p>\n<p style=\"text-align: justify;\"><span style=\"font-size: 14.4px;\"><\/span><\/p>\n<\/div>\n<\/div>\n<\/article>\n<p><a href=\"http:\/\/caismaf.animaker.com.br\/wp-content\/uploads\/sites\/163\/2025\/06\/Regulamento-de-compras.pdf\">Regulamento de compras<\/a><\/p>\n\n\t\t<\/div>\n\t<\/div>\n\t\n\t\n\n\t\t<\/div>\n\t\t\t\t\t<\/div>\n\n\t\n\n<\/div>\n\n","protected":false},"excerpt":{"rendered":"","protected":false},"author":14,"featured_media":0,"parent":0,"menu_order":0,"comment_status":"closed","ping_status":"closed","template":"","meta":{"footnotes":""},"class_list":["post-7576","page","type-page","status-publish","hentry"],"_links":{"self":[{"href":"https:\/\/caismaf.animaker.com.br\/index.php?rest_route=\/wp\/v2\/pages\/7576","targetHints":{"allow":["GET"]}}],"collection":[{"href":"https:\/\/caismaf.animaker.com.br\/index.php?rest_route=\/wp\/v2\/pages"}],"about":[{"href":"https:\/\/caismaf.animaker.com.br\/index.php?rest_route=\/wp\/v2\/types\/page"}],"author":[{"embeddable":true,"href":"https:\/\/caismaf.animaker.com.br\/index.php?rest_route=\/wp\/v2\/users\/14"}],"replies":[{"embeddable":true,"href":"https:\/\/caismaf.animaker.com.br\/index.php?rest_route=%2Fwp%2Fv2%2Fcomments&post=7576"}],"version-history":[{"count":0,"href":"https:\/\/caismaf.animaker.com.br\/index.php?rest_route=\/wp\/v2\/pages\/7576\/revisions"}],"wp:attachment":[{"href":"https:\/\/caismaf.animaker.com.br\/index.php?rest_route=%2Fwp%2Fv2%2Fmedia&parent=7576"}],"curies":[{"name":"wp","href":"https:\/\/api.w.org\/{rel}","templated":true}]}}