{"id":7766,"date":"2020-06-17T18:49:16","date_gmt":"2020-06-17T21:49:16","guid":{"rendered":"http:\/\/caism.animaker.com.br\/?page_id=7766"},"modified":"2020-06-17T18:49:16","modified_gmt":"2020-06-17T21:49:16","slug":"relatorio-de-compliance-e-integridade","status":"publish","type":"page","link":"https:\/\/caismaf.animaker.com.br\/?page_id=7766","title":{"rendered":"Relat\u00f3rio de Compliance e Integridade"},"content":{"rendered":"<div class=\"row row-small\"  id=\"row-1891479485\">\n\n\t<div id=\"col-47749599\" class=\"col small-12 large-12\"  >\n\t\t\t\t<div class=\"col-inner\"  >\n\t\t\t\n\t\t\t\n<div class=\"container section-title-container\" ><h4 class=\"section-title section-title-normal\"><b aria-hidden=\"true\"><\/b><span class=\"section-title-main\" >Relat\u00f3rio de Compliance<\/span><b aria-hidden=\"true\"><\/b><\/h4><\/div>\n<p class=\"p1\" style=\"text-align: justify\"><span class=\"s1\">Este relat\u00f3rio apresenta as a\u00e7\u00f5es de Compliance que foram realizadas nas Institui\u00e7\u00f5es Afiliadas, conforme as diretrizes do Programa de Compliance e Integridade da SPDM.<\/span><\/p>\n[3d-flip-book id=&#8221;8139&#8243; ][\/3d-flip-book]\n\t\t<\/div>\n\t\t\t\t\t<\/div>\n\n\t\n<\/div>\n","protected":false},"excerpt":{"rendered":"","protected":false},"author":14,"featured_media":0,"parent":0,"menu_order":0,"comment_status":"closed","ping_status":"closed","template":"","meta":{"footnotes":""},"class_list":["post-7766","page","type-page","status-publish","hentry"],"_links":{"self":[{"href":"https:\/\/caismaf.animaker.com.br\/index.php?rest_route=\/wp\/v2\/pages\/7766","targetHints":{"allow":["GET"]}}],"collection":[{"href":"https:\/\/caismaf.animaker.com.br\/index.php?rest_route=\/wp\/v2\/pages"}],"about":[{"href":"https:\/\/caismaf.animaker.com.br\/index.php?rest_route=\/wp\/v2\/types\/page"}],"author":[{"embeddable":true,"href":"https:\/\/caismaf.animaker.com.br\/index.php?rest_route=\/wp\/v2\/users\/14"}],"replies":[{"embeddable":true,"href":"https:\/\/caismaf.animaker.com.br\/index.php?rest_route=%2Fwp%2Fv2%2Fcomments&post=7766"}],"version-history":[{"count":0,"href":"https:\/\/caismaf.animaker.com.br\/index.php?rest_route=\/wp\/v2\/pages\/7766\/revisions"}],"wp:attachment":[{"href":"https:\/\/caismaf.animaker.com.br\/index.php?rest_route=%2Fwp%2Fv2%2Fmedia&parent=7766"}],"curies":[{"name":"wp","href":"https:\/\/api.w.org\/{rel}","templated":true}]}}